{"id":1677,"date":"2025-12-02T13:27:44","date_gmt":"2025-12-02T13:27:44","guid":{"rendered":"https:\/\/zentan.eu\/?post_type=product&#038;p=1677"},"modified":"2026-01-27T10:51:17","modified_gmt":"2026-01-27T10:51:17","slug":"tanga-bikini-bottom-z09","status":"publish","type":"product","link":"https:\/\/zentan.eu\/lv\/products\/tanga-bikini-bottom-z09\/","title":{"rendered":"Tanga bikini bottom Z09"},"content":{"rendered":"<p>Tan-Through tehnolo\u0123ija \u2013 \u012bpa\u0161\u0101 auduma mikrostrukt\u016bra lai\u017e cauri saules starus, veidojot iedegumu ar\u012b zem peldkost\u012bma, samazinot redzam\u0101s iedeguma l\u012bnijas.<\/p>\n<p>SPF 35 aizsardz\u012bba \u2013 audums pal\u012bdz samazin\u0101t kait\u012bgo UV starojumu.<\/p>\n<p>Nav caursp\u012bd\u012bgs \u2013 vizu\u0101li bl\u012bvs tur, kur nepiecie\u0161ams, lai nodro\u0161in\u0101tu komfortu valk\u0101jot.<\/p>\n<p>\u0112rts piegriezums \u2013 elast\u012bgs, m\u012bkstas v\u012bles, elpojo\u0161s un \u0101tri \u017e\u016bsto\u0161s audums.<\/p>\n<p><span data-sheets-root=\"1\">Mix &amp; Match \u2013 lieliski sader ar jebkuru ZEN TAN topu.<\/span><\/p>\n<h4><span data-sheets-root=\"1\">Piegriezums<\/span><\/h4>\n<p>Vid\u0113ji augsta jostasvieta komfortam.<br \/>\nIzm\u0113ru piez\u012bme: atbilst izm\u0113ram; ja esat starp izm\u0113riem, izv\u0113lieties liel\u0101ku.<\/p>\n<h4>Audums<\/h4>\n<p>81% \u012bpa\u0161s poliesters, 19% likra.<\/p>\n<h4>Kop\u0161ana<\/h4>\n<p>Mazg\u0101t ar rok\u0101m aukst\u0101 \u016bden\u012b.\n\nNelietot balin\u0101t\u0101ju.\n\nNegriezt un neizspiest.\n\n\u017d\u0101v\u0113t izkl\u0101t\u0101 veid\u0101 \u0113n\u0101.\n\nNoskalot p\u0113c saskares ar s\u0101ls\u016bdeni vai hloru.\n\nIzvair\u012bties no iedeguma e\u013c\u013c\u0101m un raupj\u0101m virsm\u0101m.<\/p>\n<h4>Tehnolo\u0123ija<\/h4>\n<p>Peldkost\u012bms izgatavots no patent\u0113ta Eiropas auduma ar kontrol\u0113tu gaismas caurlaid\u012bbu \u2013 tas ielai\u017e saules starus iedegumam, bet blo\u0137\u0113 kait\u012bgo UV-B starojumu (SPF 35). Auduma efektivit\u0101te ir pan\u0101kta ar t\u0101 konstrukciju, nevis ar \u0137\u012bmiskiem p\u0101rkl\u0101jumiem, t\u0101p\u0113c aizsardz\u012bba nesamazin\u0101s p\u0113c mazg\u0101\u0161anas.\n\u0160is ap\u0123\u0113rbs neaizst\u0101j saules aizsargkr\u0113mu uz atkl\u0101tas \u0101das.<\/p>","protected":false},"excerpt":{"rendered":"<p>Tanga bikini bottoms made from tan-through fabric for more even sun exposure. Designed with a minimal silhouette, smooth edges, and a lightweight feel for comfortable all-day wear. Quick-dry, stretchy, and non\u2013see-through. Ultra-thin finishing at the waist and leg openings doesn\u2019t impede tanning \u2014 light passes evenly at the edges to keep lines to a minimum. Welcome sunlight for an even tan while resisting harmful UV (SPF 35). Quick-dry, stretchy, and confidently non-see-through where it matters. Easy to mix &amp; match with any ZEN TAN tops<\/p>","protected":false},"featured_media":1644,"comment_status":"open","ping_status":"closed","template":"","meta":{"site-sidebar-layout":"default","site-content-layout":"","ast-site-content-layout":"default","site-content-style":"default","site-sidebar-style":"default","ast-global-header-display":"","ast-banner-title-visibility":"","ast-main-header-display":"","ast-hfb-above-header-display":"","ast-hfb-below-header-display":"","ast-hfb-mobile-header-display":"","site-post-title":"","ast-breadcrumbs-content":"","ast-featured-img":"","footer-sml-layout":"","theme-transparent-header-meta":"default","adv-header-id-meta":"","stick-header-meta":"","header-above-stick-meta":"","header-main-stick-meta":"","header-below-stick-meta":"","astra-migrate-meta-layouts":"set","ast-page-background-enabled":"default","ast-page-background-meta":{"desktop":{"background-color":"var(--ast-global-color-4)","background-image":"","background-repeat":"repeat","background-position":"center center","background-size":"auto","background-attachment":"scroll","background-type":"","background-media":"","overlay-type":"","overlay-color":"","overlay-opacity":"","overlay-gradient":""},"tablet":{"background-color":"","background-image":"","background-repeat":"repeat","background-position":"center center","background-size":"auto","background-attachment":"scroll","background-type":"","background-media":"","overlay-type":"","overlay-color":"","overlay-opacity":"","overlay-gradient":""},"mobile":{"background-color":"","background-image":"","background-repeat":"repeat","background-position":"center center","background-size":"auto","background-attachment":"scroll","background-type":"","background-media":"","overlay-type":"","overlay-color":"","overlay-opacity":"","overlay-gradient":""}},"ast-content-background-meta":{"desktop":{"background-color":"var(--ast-global-color-5)","background-image":"","background-repeat":"repeat","background-position":"center center","background-size":"auto","background-attachment":"scroll","background-type":"","background-media":"","overlay-type":"","overlay-color":"","overlay-opacity":"","overlay-gradient":""},"tablet":{"background-color":"var(--ast-global-color-5)","background-image":"","background-repeat":"repeat","background-position":"center center","background-size":"auto","background-attachment":"scroll","background-type":"","background-media":"","overlay-type":"","overlay-color":"","overlay-opacity":"","overlay-gradient":""},"mobile":{"background-color":"var(--ast-global-color-5)","background-image":"","background-repeat":"repeat","background-position":"center center","background-size":"auto","background-attachment":"scroll","background-type":"","background-media":"","overlay-type":"","overlay-color":"","overlay-opacity":"","overlay-gradient":""}}},"product_brand":[],"product_cat":[59],"product_tag":[61],"class_list":{"0":"post-1677","1":"product","2":"type-product","3":"status-publish","4":"has-post-thumbnail","6":"product_cat-bikini-bottoms","7":"product_tag-bikini-bottoms","8":"desktop-align-center","9":"tablet-align-center","10":"mobile-align-center","12":"first","13":"instock","14":"shipping-taxable","15":"purchasable","16":"product-type-variable","17":"has-default-attributes"},"_links":{"self":[{"href":"https:\/\/zentan.eu\/lv\/wp-json\/wp\/v2\/product\/1677","targetHints":{"allow":["GET"]}}],"collection":[{"href":"https:\/\/zentan.eu\/lv\/wp-json\/wp\/v2\/product"}],"about":[{"href":"https:\/\/zentan.eu\/lv\/wp-json\/wp\/v2\/types\/product"}],"replies":[{"embeddable":true,"href":"https:\/\/zentan.eu\/lv\/wp-json\/wp\/v2\/comments?post=1677"}],"wp:featuredmedia":[{"embeddable":true,"href":"https:\/\/zentan.eu\/lv\/wp-json\/wp\/v2\/media\/1644"}],"wp:attachment":[{"href":"https:\/\/zentan.eu\/lv\/wp-json\/wp\/v2\/media?parent=1677"}],"wp:term":[{"taxonomy":"product_brand","embeddable":true,"href":"https:\/\/zentan.eu\/lv\/wp-json\/wp\/v2\/product_brand?post=1677"},{"taxonomy":"product_cat","embeddable":true,"href":"https:\/\/zentan.eu\/lv\/wp-json\/wp\/v2\/product_cat?post=1677"},{"taxonomy":"product_tag","embeddable":true,"href":"https:\/\/zentan.eu\/lv\/wp-json\/wp\/v2\/product_tag?post=1677"}],"curies":[{"name":"wp","href":"https:\/\/api.w.org\/{rel}","templated":true}]}}